{"id":3545,"date":"2020-12-28T18:21:23","date_gmt":"2020-12-28T17:21:23","guid":{"rendered":"http:\/\/acto-architecture.fr\/?page_id=3545"},"modified":"2024-03-20T10:39:55","modified_gmt":"2024-03-20T09:39:55","slug":"agence","status":"publish","type":"page","link":"https:\/\/acto-architecture.fr\/?page_id=3545","title":{"rendered":"Agence"},"content":{"rendered":"\n<div class=\"wp-block-columns is-layout-flex wp-container-core-columns-is-layout-1 wp-block-columns-is-layout-flex\">\n<div class=\"wp-block-column is-layout-flow wp-block-column-is-layout-flow\">\n<p>ACTO Architecture est une agence d\u2019architecture et de sc\u00e9nographie fond\u00e9e en 2019 par Cristina Barrios. Elle est situ\u00e9e \u00e0 Nantes et d\u00e9veloppe des projets pour la commande priv\u00e9e et publique.<\/p>\n\n\n\n<p><br><strong>CONVICTIONS<\/strong><\/p>\n\n\n\n<p><br>ACTO Architecture produit des projets singuliers et simples, travaill\u00e9s et r\u00e9fl\u00e9chis dans leurs moindres d\u00e9tails.<br>L\u2019agence cherche, dans un souci de respect \u00e9cologique, \u00e0 utiliser le plus possible des mat\u00e9riaux bio et g\u00e9osourc\u00e9s et des syst\u00e8mes constructifs \u00e9l\u00e9mentaires, avec le d\u00e9sir de cr\u00e9er \u00e0 la limite entre l\u2019artisanat et l\u2019industriel, le moderne et le vernaculaire, le grand et le petit. L\u2019agence s\u2019applique \u00e0 proposer une architecture simple et de qualit\u00e9, quel que soit son sujet, son \u00e9chelle ou son commanditaire, en attachant une  importance  particuli\u00e8re \u00e0 l\u2019\u00e9change de connaissances au sein de l\u2019\u00e9quipe de  maitrise d\u2019\u0153uvre et de maitrise d\u2019ouvrage, ainsi qu\u2019\u00e0 la m\u00e9diation\/communication aupr\u00e8s du grand public. et g\u00e9o<\/p>\n\n\n\n<p><br><strong>COMP\u00c9TENCES<\/strong><\/p>\n\n\n\n<p><br>L\u2019agence ACTO Architecture met en place un pragmatisme conceptuel, afin que chaque \u00e9l\u00e9ment dessin\u00e9 trouve sa juste place une fois r\u00e9alis\u00e9, avec une attention particuli\u00e8re aux d\u00e9tails et aux finitions.<\/p>\n\n\n\n<p><br><strong>CHAMPS D&rsquo;EXPLORATIONS<\/strong><\/p>\n\n\n\n<p><br>L\u2019agence d\u00e9veloppe une architecture de \u00ab territoire \u00bb. Elle cherche, par l\u2019utilisation r\u00e9actualis\u00e9e de mat\u00e9riaux traditionnels tels que la pierre, la terre et le bois \u2013 interrog\u00e9s sous de nouveaux angles techniques, esth\u00e9tiques et \u00e9conomiques \u2013, \u00e0 s\u2019adapter au contexte de la commande contemporaine.<\/p>\n<\/div>\n\n\n\n<div class=\"wp-block-column is-layout-flow wp-block-column-is-layout-flow\">\n<p><strong>ACTO Architecture<\/strong><br>SASU d&rsquo;architecture Ordre des Architectes Pays de la Loire n\u00b0 S20977<\/p>\n\n\n\n<p>Capital Social 7 500 \u20ac<\/p>\n\n\n\n<p>Siret 852 890 649 00019 &#8211; RCS Nantes APE 7111Z<\/p>\n\n\n\n<p><strong>Cristina BARRIOS<\/strong> &#8211;  g\u00e9rant<\/p>\n\n\n\n<p>Architecte DE\/HMONP et Sc\u00e9nographe de l\u2019\u00c9cole d\u2019architecture de Nantes Inscrite \u00e0 l&rsquo;ordre des Architectes des Pays de la Loire n\u00b0 082911<\/p>\n\n\n\n<p>Photo: Arnaud Ledu<\/p>\n<\/div>\n\n\n\n<div class=\"wp-block-column is-layout-flow wp-block-column-is-layout-flow\">\n<figure class=\"wp-block-image size-large\"><img loading=\"lazy\" decoding=\"async\" width=\"710\" height=\"1024\" src=\"http:\/\/acto-architecture.fr\/wp-content\/uploads\/2024\/03\/JANVIER2024_PORTRAIT-710x1024.jpg\" alt=\"\" class=\"wp-image-3932\" srcset=\"https:\/\/acto-architecture.fr\/wp-content\/uploads\/2024\/03\/JANVIER2024_PORTRAIT-710x1024.jpg 710w, https:\/\/acto-architecture.fr\/wp-content\/uploads\/2024\/03\/JANVIER2024_PORTRAIT-208x300.jpg 208w, https:\/\/acto-architecture.fr\/wp-content\/uploads\/2024\/03\/JANVIER2024_PORTRAIT-768x1108.jpg 768w, https:\/\/acto-architecture.fr\/wp-content\/uploads\/2024\/03\/JANVIER2024_PORTRAIT-1065x1536.jpg 1065w, https:\/\/acto-architecture.fr\/wp-content\/uploads\/2024\/03\/JANVIER2024_PORTRAIT-scaled.jpg 1775w\" sizes=\"(max-width: 710px) 100vw, 710px\" \/><\/figure>\n<\/div>\n<\/div>\n","protected":false},"excerpt":{"rendered":"<p>ACTO Architecture est une agence d\u2019architecture et de sc\u00e9nographie fond\u00e9e en 2019 par Cristina Barrios. Elle est situ\u00e9e \u00e0 Nantes&#8230;<\/p>\n","protected":false},"author":1,"featured_media":0,"parent":0,"menu_order":0,"comment_status":"closed","ping_status":"closed","template":"","meta":{"footnotes":""},"_links":{"self":[{"href":"https:\/\/acto-architecture.fr\/index.php?rest_route=\/wp\/v2\/pages\/3545"}],"collection":[{"href":"https:\/\/acto-architecture.fr\/index.php?rest_route=\/wp\/v2\/pages"}],"about":[{"href":"https:\/\/acto-architecture.fr\/index.php?rest_route=\/wp\/v2\/types\/page"}],"author":[{"embeddable":true,"href":"https:\/\/acto-architecture.fr\/index.php?rest_route=\/wp\/v2\/users\/1"}],"replies":[{"embeddable":true,"href":"https:\/\/acto-architecture.fr\/index.php?rest_route=%2Fwp%2Fv2%2Fcomments&post=3545"}],"version-history":[{"count":32,"href":"https:\/\/acto-architecture.fr\/index.php?rest_route=\/wp\/v2\/pages\/3545\/revisions"}],"predecessor-version":[{"id":3950,"href":"https:\/\/acto-architecture.fr\/index.php?rest_route=\/wp\/v2\/pages\/3545\/revisions\/3950"}],"wp:attachment":[{"href":"https:\/\/acto-architecture.fr\/index.php?rest_route=%2Fwp%2Fv2%2Fmedia&parent=3545"}],"curies":[{"name":"wp","href":"https:\/\/api.w.org\/{rel}","templated":true}]}}